{"id":3040,"date":"2024-12-05T18:53:25","date_gmt":"2024-12-05T11:53:25","guid":{"rendered":"https:\/\/d2c.edu.vn\/?page_id=3040"},"modified":"2025-11-11T15:59:54","modified_gmt":"2025-11-11T08:59:54","slug":"chuong-trinh-dao-tao","status":"publish","type":"page","link":"https:\/\/d2c.edu.vn\/vi\/chuong-trinh-dao-tao\/","title":{"rendered":"Ch\u01b0\u01a1ng Tr\u00ecnh \u0110\u00e0o T\u1ea1o"},"content":{"rendered":"","protected":false},"excerpt":{"rendered":"","protected":false},"author":5,"featured_media":3045,"parent":0,"menu_order":0,"comment_status":"closed","ping_status":"closed","template":"templates\/homepage.php","meta":{"inline_featured_image":false,"footnotes":""},"class_list":["post-3040","page","type-page","status-publish","has-post-thumbnail","hentry"],"acf":[],"_links":{"self":[{"href":"https:\/\/d2c.edu.vn\/vi\/wp-json\/wp\/v2\/pages\/3040","targetHints":{"allow":["GET"]}}],"collection":[{"href":"https:\/\/d2c.edu.vn\/vi\/wp-json\/wp\/v2\/pages"}],"about":[{"href":"https:\/\/d2c.edu.vn\/vi\/wp-json\/wp\/v2\/types\/page"}],"author":[{"embeddable":true,"href":"https:\/\/d2c.edu.vn\/vi\/wp-json\/wp\/v2\/users\/5"}],"replies":[{"embeddable":true,"href":"https:\/\/d2c.edu.vn\/vi\/wp-json\/wp\/v2\/comments?post=3040"}],"version-history":[{"count":15,"href":"https:\/\/d2c.edu.vn\/vi\/wp-json\/wp\/v2\/pages\/3040\/revisions"}],"predecessor-version":[{"id":7983,"href":"https:\/\/d2c.edu.vn\/vi\/wp-json\/wp\/v2\/pages\/3040\/revisions\/7983"}],"wp:featuredmedia":[{"embeddable":true,"href":"https:\/\/d2c.edu.vn\/vi\/wp-json\/wp\/v2\/media\/3045"}],"wp:attachment":[{"href":"https:\/\/d2c.edu.vn\/vi\/wp-json\/wp\/v2\/media?parent=3040"}],"curies":[{"name":"wp","href":"https:\/\/api.w.org\/{rel}","templated":true}]}}