{"id":5160,"date":"2025-02-04T02:09:12","date_gmt":"2025-02-03T19:09:12","guid":{"rendered":"https:\/\/d2c.edu.vn\/ve-truong-kinh-doanh-sai-gon-sbs\/accommodation\/"},"modified":"2025-06-11T17:07:29","modified_gmt":"2025-06-11T10:07:29","slug":"khu-nha-o-cho-sinh-vien-sbs","status":"publish","type":"page","link":"https:\/\/d2c.edu.vn\/vi\/ve-saigon-business-school\/khu-nha-o-cho-sinh-vien-sbs\/","title":{"rendered":"Khu Nh\u00e0 \u1ede Cho Sinh Vi\u00ean SBS"},"content":{"rendered":"<p style=\"text-align: justify;\">Khu\u00f4n vi\u00ean nh\u00e0 \u1edf cho sinh vi\u00ean SBS &#8211; &#8220;<strong>SBS Hostel<\/strong>&#8221; t\u1ea1i TP. H\u1ed3 Ch\u00ed Minh t\u1ecda l\u1ea1c ngay trung t\u00e2m Ph\u00fa M\u1ef9 H\u01b0ng, m\u1ed9t khu \u0111\u00f4 th\u1ecb hi\u1ec7n \u0111\u1ea1i v\u00e0 s\u00f4i \u0111\u1ed9ng. V\u1ecb tr\u00ed \u0111\u1eafc \u0111\u1ecba n\u00e0y mang \u0111\u1ebfn cho sinh vi\u00ean s\u1ef1 thu\u1eadn ti\u1ec7n trong h\u1ecdc t\u1eadp c\u00f9ng nh\u1eefng tr\u1ea3i nghi\u1ec7m \u0111\u1ed9c \u0111\u00e1o. T\u1ea1i \u0111\u00e2y c\u00f3 trung t\u00e2m Th\u01b0\u01a1ng m\u1ea1i, si\u00eau th\u1ecb, c\u00f4ng vi\u00ean, b\u1ec7nh vi\u1ec7n qu\u1ed1c t\u1ebf &#8230; \u0111\u00e1p \u1ee9ng c\u00e1c nhu c\u1ea7u thi\u1ebft y\u1ebfu cho sinh vi\u00ean.<\/p>\n<p style=\"text-align: justify;\" data-pm-slice=\"1 1 []\">V\u1edbi m\u1ed9t c\u1ed9ng \u0111\u1ed3ng sinh vi\u00ean qu\u1ed1c t\u1ebf s\u00f4i \u0111\u1ed9ng nh\u1ea5t Vi\u1ec7t Nam, \u0111\u1ebfn t\u1eeb h\u01a1n 10 qu\u1ed1c gia (Ph\u00e1p, Ph\u1ea7n Lan, Singapore, Philippines, Myanmar, Nepal, Sri Lanka, Nigeria, Cameroon, Ghana, &#8230;), t\u1ea1o \u0111i\u1ec1u ki\u1ec7n cho sinh vi\u00ean \u0111\u01b0\u1ee3c t\u00ecm hi\u1ec3u v\u0103n ho\u00e1 n\u01b0\u1edbc b\u1ea1n v\u00e0 n\u00e2ng cao tr\u00ecnh \u0111\u1ed9 giao ti\u1ebfp ti\u1ebfng Anh. <strong>SBS Hostel<\/strong> s\u1ebd l\u00e0 ng\u00f4i nh\u00e0 th\u1ee9 hai n\u01a1i sinh vi\u00ean c\u00f3 th\u1ec3 c\u00f9ng nhau chia s\u1ebb v\u00e0 tr\u00e2n tr\u1ecdng h\u00e0nh tr\u00ecnh h\u1ecdc t\u1eadp \u0111\u1ea7y \u00fd ngh\u0129a t\u1ea1i SBS.<\/p>\n<p><img loading=\"lazy\" decoding=\"async\" class=\"aligncenter wp-image-5153 size-full\" src=\"https:\/\/d2c.edu.vn\/wp-content\/uploads\/2025\/02\/phu-my-hung-cau-anh-sao-2.jpeg\" alt=\"\" width=\"1920\" height=\"1024\" srcset=\"https:\/\/d2c.edu.vn\/wp-content\/uploads\/2025\/02\/phu-my-hung-cau-anh-sao-2.jpeg 1920w, https:\/\/d2c.edu.vn\/wp-content\/uploads\/2025\/02\/phu-my-hung-cau-anh-sao-2-300x160.jpeg 300w, https:\/\/d2c.edu.vn\/wp-content\/uploads\/2025\/02\/phu-my-hung-cau-anh-sao-2-1024x546.jpeg 1024w, https:\/\/d2c.edu.vn\/wp-content\/uploads\/2025\/02\/phu-my-hung-cau-anh-sao-2-768x410.jpeg 768w, https:\/\/d2c.edu.vn\/wp-content\/uploads\/2025\/02\/phu-my-hung-cau-anh-sao-2-1536x819.jpeg 1536w\" sizes=\"auto, (max-width: 1920px) 100vw, 1920px\" \/><\/p>\n<p style=\"text-align: center;\"><strong>H\u1ed3 B\u00e1n Nguy\u1ec7t &#8211; Bi\u1ec3u T\u01b0\u1ee3ng c\u1ee7a Khu \u0110\u00f4 Th\u1ecb Ph\u00fa M\u1ef9 H\u01b0ng<\/strong><\/p>\n<p><img loading=\"lazy\" decoding=\"async\" class=\"alignnone size-full wp-image-5155\" src=\"https:\/\/d2c.edu.vn\/wp-content\/uploads\/2025\/02\/Untitled-design-75.png\" alt=\"\" width=\"1167\" height=\"1750\" srcset=\"https:\/\/d2c.edu.vn\/wp-content\/uploads\/2025\/02\/Untitled-design-75.png 1167w, https:\/\/d2c.edu.vn\/wp-content\/uploads\/2025\/02\/Untitled-design-75-200x300.png 200w, https:\/\/d2c.edu.vn\/wp-content\/uploads\/2025\/02\/Untitled-design-75-683x1024.png 683w, https:\/\/d2c.edu.vn\/wp-content\/uploads\/2025\/02\/Untitled-design-75-768x1152.png 768w, https:\/\/d2c.edu.vn\/wp-content\/uploads\/2025\/02\/Untitled-design-75-1024x1536.png 1024w\" sizes=\"auto, (max-width: 1167px) 100vw, 1167px\" \/><\/p>\n<p style=\"text-align: center;\"><strong>Khu nh\u00e0 \u1edf an ninh, ti\u1ec7n nghi cho sinh vi\u00ean SBS <\/strong><\/p>\n<p>&nbsp;<\/p>\n","protected":false},"excerpt":{"rendered":"<p>Khu\u00f4n vi\u00ean nh\u00e0 \u1edf cho sinh vi\u00ean SBS &#8211; &#8220;SBS Hostel&#8221; t\u1ea1i TP. H\u1ed3 Ch\u00ed Minh t\u1ecda l\u1ea1c ngay trung t\u00e2m Ph\u00fa M\u1ef9 H\u01b0ng, m\u1ed9t khu \u0111\u00f4 th\u1ecb hi\u1ec7n \u0111\u1ea1i v\u00e0 s\u00f4i \u0111\u1ed9ng. V\u1ecb tr\u00ed \u0111\u1eafc \u0111\u1ecba n\u00e0y mang \u0111\u1ebfn cho sinh vi\u00ean s\u1ef1 thu\u1eadn ti\u1ec7n trong h\u1ecdc t\u1eadp c\u00f9ng nh\u1eefng tr\u1ea3i nghi\u1ec7m \u0111\u1ed9c \u0111\u00e1o. [&hellip;]<\/p>\n","protected":false},"author":5,"featured_media":5158,"parent":4699,"menu_order":0,"comment_status":"closed","ping_status":"closed","template":"","meta":{"inline_featured_image":false,"footnotes":""},"class_list":["post-5160","page","type-page","status-publish","has-post-thumbnail","hentry"],"acf":[],"_links":{"self":[{"href":"https:\/\/d2c.edu.vn\/vi\/wp-json\/wp\/v2\/pages\/5160","targetHints":{"allow":["GET"]}}],"collection":[{"href":"https:\/\/d2c.edu.vn\/vi\/wp-json\/wp\/v2\/pages"}],"about":[{"href":"https:\/\/d2c.edu.vn\/vi\/wp-json\/wp\/v2\/types\/page"}],"author":[{"embeddable":true,"href":"https:\/\/d2c.edu.vn\/vi\/wp-json\/wp\/v2\/users\/5"}],"replies":[{"embeddable":true,"href":"https:\/\/d2c.edu.vn\/vi\/wp-json\/wp\/v2\/comments?post=5160"}],"version-history":[{"count":8,"href":"https:\/\/d2c.edu.vn\/vi\/wp-json\/wp\/v2\/pages\/5160\/revisions"}],"predecessor-version":[{"id":6576,"href":"https:\/\/d2c.edu.vn\/vi\/wp-json\/wp\/v2\/pages\/5160\/revisions\/6576"}],"up":[{"embeddable":true,"href":"https:\/\/d2c.edu.vn\/vi\/wp-json\/wp\/v2\/pages\/4699"}],"wp:featuredmedia":[{"embeddable":true,"href":"https:\/\/d2c.edu.vn\/vi\/wp-json\/wp\/v2\/media\/5158"}],"wp:attachment":[{"href":"https:\/\/d2c.edu.vn\/vi\/wp-json\/wp\/v2\/media?parent=5160"}],"curies":[{"name":"wp","href":"https:\/\/api.w.org\/{rel}","templated":true}]}}