{"id":817,"date":"2023-04-11T12:34:00","date_gmt":"2023-04-11T05:34:00","guid":{"rendered":"https:\/\/d2c.edu.vn\/?page_id=817"},"modified":"2025-09-23T10:43:26","modified_gmt":"2025-09-23T03:43:26","slug":"hinh-anh-campus","status":"publish","type":"page","link":"https:\/\/d2c.edu.vn\/vi\/hinh-anh-campus\/","title":{"rendered":"H\u00ccNH \u1ea2NH CAMPUS"},"content":{"rendered":"<p style=\"text-align: justify;\"><strong data-start=\"64\" data-end=\"82\">1. T\u00f2a nh\u00e0 SBS<\/strong><br data-start=\"82\" data-end=\"85\" \/>Saigon Business School n\u1eb1m trong khu\u00f4n vi\u00ean t\u1ed5 h\u1ee3p gi\u00e1o d\u1ee5c qu\u1ed1c t\u1ebf thu\u1ed9c T\u1eadp \u0111o\u00e0n Gi\u00e1o d\u1ee5c EQuest. Tr\u01b0\u1eddng n\u1eb1m trong khu v\u1ef1c an ninh cao, giao th\u00f4ng th\u00f4ng tho\u00e1ng v\u00e0 bao quanh b\u1edfi nhi\u1ec1u m\u1ea3ng xanh, mang \u0111\u1ebfn cho sinh vi\u00ean m\u00f4i tr\u01b0\u1eddng h\u1ecdc t\u1eadp an to\u00e0n v\u00e0 l\u00fd t\u01b0\u1edfng.<\/p>\n<p>&nbsp;<\/p>\n<p><img loading=\"lazy\" decoding=\"async\" class=\"size-full wp-image-6616\" src=\"https:\/\/d2c.edu.vn\/wp-content\/uploads\/2025\/06\/DJI_20250617093539_0014_D-scaled.jpg\" alt=\"sbs building \" width=\"2560\" height=\"1920\" srcset=\"https:\/\/d2c.edu.vn\/wp-content\/uploads\/2025\/06\/DJI_20250617093539_0014_D-scaled.jpg 2560w, https:\/\/d2c.edu.vn\/wp-content\/uploads\/2025\/06\/DJI_20250617093539_0014_D-300x225.jpg 300w, https:\/\/d2c.edu.vn\/wp-content\/uploads\/2025\/06\/DJI_20250617093539_0014_D-1024x768.jpg 1024w, https:\/\/d2c.edu.vn\/wp-content\/uploads\/2025\/06\/DJI_20250617093539_0014_D-768x576.jpg 768w, https:\/\/d2c.edu.vn\/wp-content\/uploads\/2025\/06\/DJI_20250617093539_0014_D-1536x1152.jpg 1536w, https:\/\/d2c.edu.vn\/wp-content\/uploads\/2025\/06\/DJI_20250617093539_0014_D-2048x1536.jpg 2048w\" sizes=\"auto, (max-width: 2560px) 100vw, 2560px\" \/><\/p>\n<p><img loading=\"lazy\" decoding=\"async\" class=\"size-full wp-image-6628\" src=\"https:\/\/d2c.edu.vn\/wp-content\/uploads\/2025\/06\/DJI_20250617093611_0016_D-scaled.jpg\" alt=\"classroom sbs\" width=\"2560\" height=\"1920\" srcset=\"https:\/\/d2c.edu.vn\/wp-content\/uploads\/2025\/06\/DJI_20250617093611_0016_D-scaled.jpg 2560w, https:\/\/d2c.edu.vn\/wp-content\/uploads\/2025\/06\/DJI_20250617093611_0016_D-300x225.jpg 300w, https:\/\/d2c.edu.vn\/wp-content\/uploads\/2025\/06\/DJI_20250617093611_0016_D-1024x768.jpg 1024w, https:\/\/d2c.edu.vn\/wp-content\/uploads\/2025\/06\/DJI_20250617093611_0016_D-768x576.jpg 768w, https:\/\/d2c.edu.vn\/wp-content\/uploads\/2025\/06\/DJI_20250617093611_0016_D-1536x1152.jpg 1536w, https:\/\/d2c.edu.vn\/wp-content\/uploads\/2025\/06\/DJI_20250617093611_0016_D-2048x1536.jpg 2048w\" sizes=\"auto, (max-width: 2560px) 100vw, 2560px\" \/><\/p>\n<p><strong>2. Khu v\u1ef1c Ho\u1ea1t \u0111\u1ed9ng chung<\/strong><\/p>\n<p style=\"text-align: justify;\">C\u00e1c khu v\u1ef1c ho\u1ea1t \u0111\u1ed9ng chung \u0111\u01b0\u1ee3c s\u1eed d\u1ee5ng trong c\u00e1c ho\u1ea1t \u0111\u1ed9ng th\u1ec3 thao v\u00e0 s\u1ef1 ki\u1ec7n d\u00e0nh cho sinh vi\u00ean SBS (n\u1eb1m trong khu\u00f4n vi\u00ean Tr\u01b0\u1eddng Qu\u1ed1c t\u1ebf CIS). Vi\u1ec7c s\u1eed d\u1ee5ng nh\u1eefng kh\u00f4ng gian n\u00e0y tu\u00e2n th\u1ee7 theo quy \u0111\u1ecbnh chung v\u00e0 c\u1ea7n c\u00f3 s\u1ef1 ph\u1ed1i h\u1ee3p v\u1edbi B\u1ed9 ph\u1eadn D\u1ecbch v\u1ee5 Sinh vi\u00ean tr\u01b0\u1eddng SBS nh\u1eb1m \u0111\u1ea3m b\u1ea3o tr\u1ea3i nghi\u1ec7m an to\u00e0n, hi\u1ec7u qu\u1ea3 v\u00e0 chuy\u00ean nghi\u1ec7p cho t\u1ea5t c\u1ea3 sinh vi\u00ean.<\/p>\n<p><img loading=\"lazy\" decoding=\"async\" class=\"alignnone size-full wp-image-6630\" src=\"https:\/\/d2c.edu.vn\/wp-content\/uploads\/2025\/06\/Screen-Shot-2025-06-18-at-4.43.42-PM.png\" alt=\"Event Space\" width=\"1918\" height=\"1084\" srcset=\"https:\/\/d2c.edu.vn\/wp-content\/uploads\/2025\/06\/Screen-Shot-2025-06-18-at-4.43.42-PM.png 1918w, https:\/\/d2c.edu.vn\/wp-content\/uploads\/2025\/06\/Screen-Shot-2025-06-18-at-4.43.42-PM-300x170.png 300w, https:\/\/d2c.edu.vn\/wp-content\/uploads\/2025\/06\/Screen-Shot-2025-06-18-at-4.43.42-PM-1024x579.png 1024w, https:\/\/d2c.edu.vn\/wp-content\/uploads\/2025\/06\/Screen-Shot-2025-06-18-at-4.43.42-PM-768x434.png 768w, https:\/\/d2c.edu.vn\/wp-content\/uploads\/2025\/06\/Screen-Shot-2025-06-18-at-4.43.42-PM-1536x868.png 1536w\" sizes=\"auto, (max-width: 1918px) 100vw, 1918px\" \/><\/p>\n<p style=\"text-align: center;\"><strong>Khu v\u1ef1c t\u1ed5 ch\u1ee9c s\u1ef1 ki\u1ec7n\u00a0<\/strong><\/p>\n<p><img loading=\"lazy\" decoding=\"async\" class=\"alignnone size-full wp-image-6632\" src=\"https:\/\/d2c.edu.vn\/wp-content\/uploads\/2025\/06\/sbsm2.jpeg\" alt=\"Event Space\" width=\"2048\" height=\"1365\" srcset=\"https:\/\/d2c.edu.vn\/wp-content\/uploads\/2025\/06\/sbsm2.jpeg 2048w, https:\/\/d2c.edu.vn\/wp-content\/uploads\/2025\/06\/sbsm2-300x200.jpeg 300w, https:\/\/d2c.edu.vn\/wp-content\/uploads\/2025\/06\/sbsm2-1024x683.jpeg 1024w, https:\/\/d2c.edu.vn\/wp-content\/uploads\/2025\/06\/sbsm2-768x512.jpeg 768w, https:\/\/d2c.edu.vn\/wp-content\/uploads\/2025\/06\/sbsm2-1536x1024.jpeg 1536w\" sizes=\"auto, (max-width: 2048px) 100vw, 2048px\" \/><\/p>\n<p style=\"text-align: center;\"><strong>Khu v\u1ef1c t\u1ed5 ch\u1ee9c s\u1ef1 ki\u1ec7n\u00a0<\/strong><\/p>\n<p><img loading=\"lazy\" decoding=\"async\" class=\"aligncenter wp-image-837 size-full\" src=\"https:\/\/d2c.edu.vn\/wp-content\/uploads\/2023\/04\/Pool.jpeg\" alt=\"B\u1ec3 b\u01a1i\" width=\"1500\" height=\"1000\" srcset=\"https:\/\/d2c.edu.vn\/wp-content\/uploads\/2023\/04\/Pool.jpeg 1500w, https:\/\/d2c.edu.vn\/wp-content\/uploads\/2023\/04\/Pool-300x200.jpeg 300w, https:\/\/d2c.edu.vn\/wp-content\/uploads\/2023\/04\/Pool-1024x683.jpeg 1024w, https:\/\/d2c.edu.vn\/wp-content\/uploads\/2023\/04\/Pool-768x512.jpeg 768w, https:\/\/d2c.edu.vn\/wp-content\/uploads\/2023\/04\/Pool-18x12.jpeg 18w\" sizes=\"auto, (max-width: 1500px) 100vw, 1500px\" \/><\/p>\n<p style=\"text-align: center;\"><strong>H\u1ed3 B\u01a1i Ti\u00eau Chu\u1ea9n Olympic <\/strong><em>(L\u01b0u \u00fd: Kh\u00f4ng gian s\u1eed d\u1ee5ng chung, \u0111\u0103ng k\u00fd s\u1eed d\u1ee5ng theo gi\u1edd)\u00a0<\/em><\/p>\n<p><img loading=\"lazy\" decoding=\"async\" class=\"wp-image-835 size-full\" src=\"https:\/\/d2c.edu.vn\/wp-content\/uploads\/2023\/04\/Football-field1.jpg\" alt=\"S\u00e2n b\u00f3ng\" width=\"1037\" height=\"691\" srcset=\"https:\/\/d2c.edu.vn\/wp-content\/uploads\/2023\/04\/Football-field1.jpg 1037w, https:\/\/d2c.edu.vn\/wp-content\/uploads\/2023\/04\/Football-field1-300x200.jpg 300w, https:\/\/d2c.edu.vn\/wp-content\/uploads\/2023\/04\/Football-field1-1024x682.jpg 1024w, https:\/\/d2c.edu.vn\/wp-content\/uploads\/2023\/04\/Football-field1-768x512.jpg 768w, https:\/\/d2c.edu.vn\/wp-content\/uploads\/2023\/04\/Football-field1-18x12.jpg 18w\" sizes=\"auto, (max-width: 1037px) 100vw, 1037px\" \/><\/p>\n<p style=\"text-align: center;\"><strong>S\u00e2n B\u00f3ng \u0110\u00e1 Mini <\/strong><em>(L\u01b0u \u00fd: Kh\u00f4ng gian s\u1eed d\u1ee5ng chung, \u0111\u0103ng k\u00fd s\u1eed d\u1ee5ng theo gi\u1edd)\u00a0<\/em><\/p>\n<p><img loading=\"lazy\" decoding=\"async\" class=\"alignnone size-full wp-image-7583\" src=\"https:\/\/d2c.edu.vn\/wp-content\/uploads\/2025\/09\/IMG_5971.jpg\" alt=\"\" width=\"2048\" height=\"1365\" srcset=\"https:\/\/d2c.edu.vn\/wp-content\/uploads\/2025\/09\/IMG_5971.jpg 2048w, https:\/\/d2c.edu.vn\/wp-content\/uploads\/2025\/09\/IMG_5971-300x200.jpg 300w, https:\/\/d2c.edu.vn\/wp-content\/uploads\/2025\/09\/IMG_5971-1024x683.jpg 1024w, https:\/\/d2c.edu.vn\/wp-content\/uploads\/2025\/09\/IMG_5971-768x512.jpg 768w, https:\/\/d2c.edu.vn\/wp-content\/uploads\/2025\/09\/IMG_5971-1536x1024.jpg 1536w\" sizes=\"auto, (max-width: 2048px) 100vw, 2048px\" \/><\/p>\n<p style=\"text-align: center;\"><strong>S\u00e2n th\u1ec3 thao \u0111a n\u0103ng<\/strong><\/p>\n<p><img loading=\"lazy\" decoding=\"async\" class=\"alignnone size-full wp-image-7588\" src=\"https:\/\/d2c.edu.vn\/wp-content\/uploads\/2025\/09\/Workshop-6.png\" alt=\"\" width=\"1200\" height=\"628\" srcset=\"https:\/\/d2c.edu.vn\/wp-content\/uploads\/2025\/09\/Workshop-6.png 1200w, https:\/\/d2c.edu.vn\/wp-content\/uploads\/2025\/09\/Workshop-6-300x157.png 300w, https:\/\/d2c.edu.vn\/wp-content\/uploads\/2025\/09\/Workshop-6-1024x536.png 1024w, https:\/\/d2c.edu.vn\/wp-content\/uploads\/2025\/09\/Workshop-6-768x402.png 768w\" sizes=\"auto, (max-width: 1200px) 100vw, 1200px\" \/><\/p>\n<p style=\"text-align: center;\"><strong>Coffee Shop<\/strong><\/p>\n<p><strong>3. C\u01a1 s\u1edf v\u1eadt ch\u1ea5t trong khu\u00f4n vi\u00ean tr\u01b0\u1eddng<\/strong><\/p>\n<p style=\"text-align: justify;\">M\u1ed7i l\u1edbp h\u1ecdc t\u1ea1i SBS \u0111\u01b0\u1ee3c thi\u1ebft k\u1ebf t\u1ed1i \u01b0u t\u1eeb 15 \u0111\u1ebfn 35 sinh vi\u00ean, \u0111\u1ea3m b\u1ea3o t\u00ednh t\u01b0\u01a1ng t\u00e1c v\u00e0 hi\u1ec7u qu\u1ea3 gi\u1ea3ng d\u1ea1y. Kh\u00f4ng gian h\u1ecdc t\u1eadp \u0111\u01b0\u1ee3c trang b\u1ecb \u0111\u1ea7y \u0111\u1ee7 c\u00e1c thi\u1ebft b\u1ecb hi\u1ec7n \u0111\u1ea1i nh\u01b0 m\u00e1y chi\u1ebfu, tivi m\u00e0n h\u00ecnh l\u1edbn v\u00e0 b\u1ea3ng di \u0111\u1ed9ng, \u0111\u00e1p \u1ee9ng to\u00e0n di\u1ec7n nhu c\u1ea7u h\u1ecdc t\u1eadp v\u00e0 th\u1ea3o lu\u1eadn.<\/p>\n<p><img loading=\"lazy\" decoding=\"async\" class=\"alignnone size-full wp-image-6625\" src=\"https:\/\/d2c.edu.vn\/wp-content\/uploads\/2025\/06\/classroom-sbs.png\" alt=\"\" width=\"1050\" height=\"700\" srcset=\"https:\/\/d2c.edu.vn\/wp-content\/uploads\/2025\/06\/classroom-sbs.png 1050w, https:\/\/d2c.edu.vn\/wp-content\/uploads\/2025\/06\/classroom-sbs-300x200.png 300w, https:\/\/d2c.edu.vn\/wp-content\/uploads\/2025\/06\/classroom-sbs-1024x683.png 1024w, https:\/\/d2c.edu.vn\/wp-content\/uploads\/2025\/06\/classroom-sbs-768x512.png 768w\" sizes=\"auto, (max-width: 1050px) 100vw, 1050px\" \/><\/p>\n<p style=\"text-align: center;\"><strong>L\u1edbp h\u1ecdc\u00a0<\/strong><\/p>\n<p style=\"text-align: justify;\">M\u1ed9t s\u1ed1 khu v\u1ef1c ch\u1ee9c n\u0103ng chung nh\u01b0 khu \u0111\u00f3n ti\u1ebfp sinh vi\u00ean, kh\u00f4ng gian sinh ho\u1ea1t chung v\u00e0 th\u01b0 vi\u1ec7n \u0111\u01b0\u1ee3c b\u1ed1 tr\u00ed h\u1ee3p l\u00fd, t\u1ea1o n\u00ean m\u00f4i tr\u01b0\u1eddng h\u1ecdc t\u1eadp v\u00e0 giao l\u01b0u thu\u1eadn ti\u1ec7n cho sinh vi\u00ean. \u0110\u1eb7c bi\u1ec7t, SBS hi\u1ec7n \u0111ang ho\u00e0n thi\u1ec7n khu\u00f4n vi\u00ean s\u00e2n th\u1ec3 thao \u0111a n\u0103ng, d\u1ef1 ki\u1ebfn s\u1ebd ch\u00ednh th\u1ee9c \u0111\u01b0a v\u00e0o ho\u1ea1t \u0111\u1ed9ng trong th\u00e1ng 7\/2025, g\u00f3p ph\u1ea7n n\u00e2ng cao tr\u1ea3i nghi\u1ec7m h\u1ecdc \u0111\u01b0\u1eddng to\u00e0n di\u1ec7n cho sinh vi\u00ean.<\/p>\n<p><img loading=\"lazy\" decoding=\"async\" class=\"alignnone size-full wp-image-5139\" src=\"https:\/\/d2c.edu.vn\/wp-content\/uploads\/2025\/02\/IMG_4320-1-scaled.jpg\" alt=\"\" width=\"2560\" height=\"1448\" srcset=\"https:\/\/d2c.edu.vn\/wp-content\/uploads\/2025\/02\/IMG_4320-1-scaled.jpg 2560w, https:\/\/d2c.edu.vn\/wp-content\/uploads\/2025\/02\/IMG_4320-1-300x170.jpg 300w, https:\/\/d2c.edu.vn\/wp-content\/uploads\/2025\/02\/IMG_4320-1-1024x579.jpg 1024w, https:\/\/d2c.edu.vn\/wp-content\/uploads\/2025\/02\/IMG_4320-1-768x434.jpg 768w, https:\/\/d2c.edu.vn\/wp-content\/uploads\/2025\/02\/IMG_4320-1-1536x869.jpg 1536w, https:\/\/d2c.edu.vn\/wp-content\/uploads\/2025\/02\/IMG_4320-1-2048x1159.jpg 2048w\" sizes=\"auto, (max-width: 2560px) 100vw, 2560px\" \/><\/p>\n<p style=\"text-align: center;\"><strong>S\u1ea3nh \u0110\u00f3n<\/strong><\/p>\n<p><img loading=\"lazy\" decoding=\"async\" class=\"alignnone size-full wp-image-6619\" src=\"https:\/\/d2c.edu.vn\/wp-content\/uploads\/2025\/06\/IMG_2735.jpg\" alt=\"campus SBS\" width=\"2048\" height=\"1365\" srcset=\"https:\/\/d2c.edu.vn\/wp-content\/uploads\/2025\/06\/IMG_2735.jpg 2048w, https:\/\/d2c.edu.vn\/wp-content\/uploads\/2025\/06\/IMG_2735-300x200.jpg 300w, https:\/\/d2c.edu.vn\/wp-content\/uploads\/2025\/06\/IMG_2735-1024x683.jpg 1024w, https:\/\/d2c.edu.vn\/wp-content\/uploads\/2025\/06\/IMG_2735-768x512.jpg 768w, https:\/\/d2c.edu.vn\/wp-content\/uploads\/2025\/06\/IMG_2735-1536x1024.jpg 1536w\" sizes=\"auto, (max-width: 2048px) 100vw, 2048px\" \/><\/p>\n<p style=\"text-align: center;\"><strong>Kh\u00f4ng Gian H\u1ecdc T\u1eadp Chung<\/strong><\/p>\n<p><img loading=\"lazy\" decoding=\"async\" class=\"alignnone size-full wp-image-7590\" src=\"https:\/\/d2c.edu.vn\/wp-content\/uploads\/2025\/09\/Workshop-7.png\" alt=\"lybrary\" width=\"1200\" height=\"628\" srcset=\"https:\/\/d2c.edu.vn\/wp-content\/uploads\/2025\/09\/Workshop-7.png 1200w, https:\/\/d2c.edu.vn\/wp-content\/uploads\/2025\/09\/Workshop-7-300x157.png 300w, https:\/\/d2c.edu.vn\/wp-content\/uploads\/2025\/09\/Workshop-7-1024x536.png 1024w, https:\/\/d2c.edu.vn\/wp-content\/uploads\/2025\/09\/Workshop-7-768x402.png 768w\" sizes=\"auto, (max-width: 1200px) 100vw, 1200px\" \/><\/p>\n<p style=\"text-align: center;\"><strong>Th\u01b0 vi\u1ec7n<\/strong><\/p>\n","protected":false},"excerpt":{"rendered":"<p>1. T\u00f2a nh\u00e0 SBSSaigon Business School n\u1eb1m trong khu\u00f4n vi\u00ean t\u1ed5 h\u1ee3p gi\u00e1o d\u1ee5c qu\u1ed1c t\u1ebf thu\u1ed9c T\u1eadp \u0111o\u00e0n Gi\u00e1o d\u1ee5c EQuest. Tr\u01b0\u1eddng n\u1eb1m trong khu v\u1ef1c an ninh cao, giao th\u00f4ng th\u00f4ng tho\u00e1ng v\u00e0 bao quanh b\u1edfi nhi\u1ec1u m\u1ea3ng xanh, mang \u0111\u1ebfn cho sinh vi\u00ean m\u00f4i tr\u01b0\u1eddng h\u1ecdc t\u1eadp an to\u00e0n v\u00e0 l\u00fd t\u01b0\u1edfng. [&hellip;]<\/p>\n","protected":false},"author":5,"featured_media":6616,"parent":0,"menu_order":0,"comment_status":"closed","ping_status":"closed","template":"","meta":{"inline_featured_image":false,"footnotes":""},"class_list":["post-817","page","type-page","status-publish","has-post-thumbnail","hentry"],"acf":[],"_links":{"self":[{"href":"https:\/\/d2c.edu.vn\/vi\/wp-json\/wp\/v2\/pages\/817","targetHints":{"allow":["GET"]}}],"collection":[{"href":"https:\/\/d2c.edu.vn\/vi\/wp-json\/wp\/v2\/pages"}],"about":[{"href":"https:\/\/d2c.edu.vn\/vi\/wp-json\/wp\/v2\/types\/page"}],"author":[{"embeddable":true,"href":"https:\/\/d2c.edu.vn\/vi\/wp-json\/wp\/v2\/users\/5"}],"replies":[{"embeddable":true,"href":"https:\/\/d2c.edu.vn\/vi\/wp-json\/wp\/v2\/comments?post=817"}],"version-history":[{"count":15,"href":"https:\/\/d2c.edu.vn\/vi\/wp-json\/wp\/v2\/pages\/817\/revisions"}],"predecessor-version":[{"id":7594,"href":"https:\/\/d2c.edu.vn\/vi\/wp-json\/wp\/v2\/pages\/817\/revisions\/7594"}],"wp:featuredmedia":[{"embeddable":true,"href":"https:\/\/d2c.edu.vn\/vi\/wp-json\/wp\/v2\/media\/6616"}],"wp:attachment":[{"href":"https:\/\/d2c.edu.vn\/vi\/wp-json\/wp\/v2\/media?parent=817"}],"curies":[{"name":"wp","href":"https:\/\/api.w.org\/{rel}","templated":true}]}}