{"id":8506,"date":"2026-03-11T16:48:51","date_gmt":"2026-03-11T09:48:51","guid":{"rendered":"https:\/\/d2c.edu.vn\/?page_id=8506"},"modified":"2026-03-11T16:48:51","modified_gmt":"2026-03-11T09:48:51","slug":"dang-ky-ngay","status":"publish","type":"page","link":"https:\/\/d2c.edu.vn\/vi\/dang-ky-ngay\/","title":{"rendered":"\u0110\u0103ng k\u00fd ngay"},"content":{"rendered":"<div class='fluentform fluentform_wrapper_7'><form data-form_id=\"7\" id=\"fluentform_7\" class=\"frm-fluent-form fluent_form_7 ff-el-form-top ff_form_instance_7_1 ff-form-loading\" data-form_instance=\"ff_form_instance_7_1\" method=\"POST\" ><fieldset style=\"border: none!important;margin: 0!important;padding: 0!important;background-color: transparent!important;box-shadow: none!important;outline: none!important; min-inline-size: 100%;\">\n                    <legend class=\"ff_screen_reader_title\" style=\"display: block; margin: 0!important;padding: 0!important;height: 0!important;text-indent: -999999px;width: 0!important;overflow:hidden;\">\u0110\u0103ng k\u00fd t\u01b0 v\u1ea5n n\u0103m 2026 - D2C<\/legend>        <span style=\"display: none !important;\"><input type=\"checkbox\"\n                name=\"item__7__fluent_checkme_\"\n                value=\"1\" style=\"display:none !important;\" tabindex=\"-1\"><\/span>\n        <input type='hidden' name='__fluent_form_embded_post_id' value='8506' \/><input type=\"hidden\" id=\"_fluentform_7_fluentformnonce\" name=\"_fluentform_7_fluentformnonce\" value=\"fe6e672514\" \/><input type=\"hidden\" name=\"_wp_http_referer\" value=\"\/vi\/wp-json\/wp\/v2\/pages\/8506\" \/><div data-type=\"name-element\" data-name=\"names\" class=\" ff-field_container ff-name-field-wrapper\" ><div class='ff-t-container'><div class='ff-t-cell '><div class='ff-el-group  ff-el-form-top'><div class=\"ff-el-input--label ff-el-is-required asterisk-right\"><label for='ff_7_names_first_name_' aria-label=\"First Name\">First Name<\/label><\/div><div class='ff-el-input--content'><input type=\"text\" name=\"names[first_name]\" id=\"ff_7_names_first_name_\" class=\"ff-el-form-control\" placeholder=\"T\u00ean c\u1ee7a b\u1ea1n\" aria-invalid=\"false\" aria-required=false><\/div><\/div><\/div><div class='ff-t-cell '><div class='ff-el-group  ff-el-form-top'><div class=\"ff-el-input--label ff-el-is-required asterisk-right\"><label for='ff_7_names_last_name_' aria-label=\"Last Name\">Last Name<\/label><\/div><div class='ff-el-input--content'><input type=\"text\" name=\"names[last_name]\" id=\"ff_7_names_last_name_\" class=\"ff-el-form-control\" placeholder=\"H\u1ecd v\u00e0 ch\u1eef l\u00f3t\" aria-invalid=\"false\" aria-required=false><\/div><\/div><\/div><\/div><\/div><div data-name=\"ff_cn_id_1\"  class='ff-t-container ff-column-container ff_columns_total_2  '><div class='ff-t-cell ff-t-column-1' style='flex-basis: 50%;'><div class='ff-el-group'><div class=\"ff-el-input--label ff-el-is-required asterisk-right\"><label for='ff_7_numeric-field' aria-label=\"S\u1ed1 \u0111i\u1ec7n tho\u1ea1i\">S\u1ed1 \u0111i\u1ec7n tho\u1ea1i<\/label><\/div><div class='ff-el-input--content'><input type=\"number\" name=\"numeric-field\" id=\"ff_7_numeric-field\" class=\"ff-el-form-control\" placeholder=\"S\u1ed1 \u0111i\u1ec7n tho\u1ea1i\" data-name=\"numeric-field\" inputmode=\"numeric\" step=\"any\"  aria-invalid=\"false\" aria-required=true><\/div><\/div><\/div><div class='ff-t-cell ff-t-column-2' style='flex-basis: 50%;'><div class='ff-el-group'><div class=\"ff-el-input--label asterisk-right\"><label for='ff_7_email' aria-label=\"Email\">Email<\/label><\/div><div class='ff-el-input--content'><input type=\"email\" name=\"email\" id=\"ff_7_email\" class=\"ff-el-form-control\" placeholder=\"Email Address\" data-name=\"email\"  aria-invalid=\"false\" aria-required=false><\/div><\/div><\/div><\/div><div class='ff-el-group'><div class=\"ff-el-input--label asterisk-right\"><label for='ff_7_dropdown' aria-label=\"Dropdown\">Dropdown<\/label><\/div><div class='ff-el-input--content'><select name=\"dropdown\" id=\"ff_7_dropdown\" class=\"ff-el-form-control\" data-name=\"dropdown\" data-calc_value=\"0\"  aria-invalid=\"false\" aria-required=false><option value=\"\">- Ch\u1ecdn ch\u01b0\u01a1ng tr\u00ecnh -<\/option><option value=\"UP DEGREE - \u0110\u1ea1i h\u1ecdc t\u1eeb xa\"  >UP DEGREE - \u0110\u1ea1i h\u1ecdc t\u1eeb xa<\/option><option value=\"UPSKILL MANAGER - Qu\u1ea3n tr\u1ecb Marketing\"  >UPSKILL MANAGER - Qu\u1ea3n tr\u1ecb Marketing<\/option><option value=\"UPSKILL MANAGER - Qu\u1ea3n tr\u1ecb T\u00e0i ch\u00ednh\"  >UPSKILL MANAGER - Qu\u1ea3n tr\u1ecb T\u00e0i ch\u00ednh<\/option><option value=\"UPSKILL MANAGER - Qu\u1ea3n tr\u1ecb Nh\u00e2n s\u1ef1\"  >UPSKILL MANAGER - Qu\u1ea3n tr\u1ecb Nh\u00e2n s\u1ef1<\/option><option value=\"UPSKILL TH\u1ef0C CHI\u1ebeN - Ch\u0103m s\u00f3c ng\u01b0\u1eddi cao tu\u1ed5i c\u01a1 b\u1ea3n\"  >UPSKILL TH\u1ef0C CHI\u1ebeN - Ch\u0103m s\u00f3c ng\u01b0\u1eddi cao tu\u1ed5i c\u01a1 b\u1ea3n<\/option><option value=\"UPSKILL TH\u1ef0C CHI\u1ebeN - Ch\u0103m s\u00f3c ng\u01b0\u1eddi cao tu\u1ed5i n\u00e2ng cao\"  >UPSKILL TH\u1ef0C CHI\u1ebeN - Ch\u0103m s\u00f3c ng\u01b0\u1eddi cao tu\u1ed5i n\u00e2ng cao<\/option><option value=\"UPSKILL TH\u1ef0C CHI\u1ebeN - Fashion Concept Masterclass\"  >UPSKILL TH\u1ef0C CHI\u1ebeN - Fashion Concept Masterclass<\/option><option value=\"UPSKILL TH\u1ef0C CHI\u1ebeN - Ti\u1ebfng Anh th\u01b0\u01a1ng m\u1ea1i th\u1ef1c chi\u1ebfn\"  >UPSKILL TH\u1ef0C CHI\u1ebeN - Ti\u1ebfng Anh th\u01b0\u01a1ng m\u1ea1i th\u1ef1c chi\u1ebfn<\/option><option value=\"UPSKILL TH\u1ef0C CHI\u1ebeN - Ti\u1ebfng H\u00e0n c\u1ea5p t\u1ed1c\"  >UPSKILL TH\u1ef0C CHI\u1ebeN - Ti\u1ebfng H\u00e0n c\u1ea5p t\u1ed1c<\/option><\/select><\/div><\/div><div class='ff-el-group'><div class=\"ff-el-input--label ff-el-is-required asterisk-right\"><label for='ff_7_input_text_2' aria-label=\"City\/ province (t\u1ec9nh, th\u00e0nh ph\u1ed1 \u0111ang sinh s\u1ed1ng)\">City\/ province (t\u1ec9nh, th\u00e0nh ph\u1ed1 \u0111ang sinh s\u1ed1ng)<\/label><\/div><div class='ff-el-input--content'><input type=\"text\" name=\"input_text_2\" class=\"ff-el-form-control\" placeholder=\"City\/ province (t\u1ec9nh, th\u00e0nh ph\u1ed1 \u0111ang sinh s\u1ed1ng)\" data-name=\"input_text_2\" id=\"ff_7_input_text_2\"  aria-invalid=\"false\" aria-required=true><\/div><\/div><div class='ff-el-group'><div class=\"ff-el-input--label asterisk-right\"><label for='ff_7_input_text' aria-label=\"How can we help you?\">How can we help you?<\/label><\/div><div class='ff-el-input--content'><input type=\"text\" name=\"input_text\" class=\"ff-el-form-control\" placeholder=\"Th\u00f4ng tin c\u1ea7n t\u01b0 v\u1ea5n \" data-name=\"input_text\" id=\"ff_7_input_text\"  aria-invalid=\"false\" aria-required=false><\/div><\/div><div class='ff-el-group ' ><div class='ff-el-input--content'><div data-fluent_id='7' name='g-recaptcha-response'><div\n\t\tdata-sitekey='6LeSaw4qAAAAAHLyM_lV-_VqIgeI0ztoDmXzHxpY'\n\t\tid='fluentform-recaptcha-7'\n\t\tclass='ff-el-recaptcha g-recaptcha'\n\t\tdata-callback='fluentFormrecaptchaSuccessCallback'><\/div><\/div><\/div><\/div><div class='ff-el-group ff-text-left ff_submit_btn_wrapper'><button type=\"submit\" class=\"ff-btn ff-btn-submit ff-btn-md ff_btn_style\" >\u0110\u0103ng k\u00fd t\u01b0 v\u1ea5n<\/button><\/div><\/fieldset><\/form><div id='fluentform_7_errors' class='ff-errors-in-stack ff_form_instance_7_1 ff-form-loading_errors ff_form_instance_7_1_errors'><\/div><\/div>        <script type=\"text\/javascript\">\n            window.fluent_form_ff_form_instance_7_1 = {\"id\":\"7\",\"settings\":{\"layout\":{\"labelPlacement\":\"top\",\"helpMessagePlacement\":\"with_label\",\"errorMessagePlacement\":\"inline\",\"cssClassName\":\"\",\"asteriskPlacement\":\"asterisk-right\"},\"restrictions\":{\"denyEmptySubmission\":{\"enabled\":false}}},\"form_instance\":\"ff_form_instance_7_1\",\"form_id_selector\":\"fluentform_7\",\"rules\":{\"names[first_name]\":{\"required\":{\"value\":true,\"message\":\"This field is required\"}},\"names[middle_name]\":{\"required\":{\"value\":false,\"message\":\"This field is required\"}},\"names[last_name]\":{\"required\":{\"value\":true,\"message\":\"This field is required\"}},\"numeric-field\":{\"required\":{\"value\":true,\"message\":\"This field is required\"},\"numeric\":{\"value\":true,\"message\":\"This field must contain numeric value\"},\"min\":{\"value\":\"\",\"message\":\"Minimum value is \"},\"max\":{\"value\":\"\",\"message\":\"Maximum value is \"},\"digits\":{\"value\":\"\",\"message\":\"The number of digits has to be \"}},\"email\":{\"required\":{\"value\":false,\"message\":\"This field is required\"},\"email\":{\"value\":true,\"message\":\"This field must contain a valid email\"}},\"dropdown\":{\"required\":{\"value\":false,\"message\":\"This field is required\"}},\"input_text_2\":{\"required\":{\"value\":true,\"message\":\"This field is required\"}},\"input_text\":{\"required\":{\"value\":false,\"message\":\"This field is required\"}},\"g-recaptcha-response\":[]}};\n                    <\/script>\n        \n","protected":false},"excerpt":{"rendered":"","protected":false},"author":10,"featured_media":0,"parent":0,"menu_order":0,"comment_status":"closed","ping_status":"closed","template":"","meta":{"inline_featured_image":false,"footnotes":""},"class_list":["post-8506","page","type-page","status-publish","hentry"],"acf":[],"_links":{"self":[{"href":"https:\/\/d2c.edu.vn\/vi\/wp-json\/wp\/v2\/pages\/8506","targetHints":{"allow":["GET"]}}],"collection":[{"href":"https:\/\/d2c.edu.vn\/vi\/wp-json\/wp\/v2\/pages"}],"about":[{"href":"https:\/\/d2c.edu.vn\/vi\/wp-json\/wp\/v2\/types\/page"}],"author":[{"embeddable":true,"href":"https:\/\/d2c.edu.vn\/vi\/wp-json\/wp\/v2\/users\/10"}],"replies":[{"embeddable":true,"href":"https:\/\/d2c.edu.vn\/vi\/wp-json\/wp\/v2\/comments?post=8506"}],"version-history":[{"count":2,"href":"https:\/\/d2c.edu.vn\/vi\/wp-json\/wp\/v2\/pages\/8506\/revisions"}],"predecessor-version":[{"id":8510,"href":"https:\/\/d2c.edu.vn\/vi\/wp-json\/wp\/v2\/pages\/8506\/revisions\/8510"}],"wp:attachment":[{"href":"https:\/\/d2c.edu.vn\/vi\/wp-json\/wp\/v2\/media?parent=8506"}],"curies":[{"name":"wp","href":"https:\/\/api.w.org\/{rel}","templated":true}]}}